{"id":1545,"date":"2024-05-14T12:54:57","date_gmt":"2024-05-14T12:54:57","guid":{"rendered":"https:\/\/www.easymarketplace.eu\/?page_id=1545"},"modified":"2024-05-14T12:54:57","modified_gmt":"2024-05-14T12:54:57","slug":"kontakt","status":"publish","type":"page","link":"https:\/\/www.easymarketplace.eu\/it\/kontakt\/","title":{"rendered":"KONTAKT"},"content":{"rendered":"<div data-elementor-type=\"wp-page\" data-elementor-id=\"1545\" class=\"elementor elementor-1545\">\n\t\t\t\t\t\t<section class=\"elementor-section elementor-top-section elementor-element elementor-element-f112555 thsn-col-stretched-right elementor-section-stretched elementor-section-content-middle thsn-bg-color-over-image elementor-section-boxed elementor-section-height-default elementor-section-height-default\" data-id=\"f112555\" data-element_type=\"section\" data-settings=\"{&quot;stretch_section&quot;:&quot;section-stretched&quot;}\">\n\t\t\t\t\t\t<div class=\"elementor-container elementor-column-gap-no\">\n\t\t\t\t\t<div class=\"elementor-column elementor-col-50 elementor-top-column elementor-element elementor-element-bf39ff3 thsn-bg-color-yes thsn-elementor-bg-color-white thsn-bg-color-over-image\" data-id=\"bf39ff3\" data-element_type=\"column\">\n\t\t\t<div class=\"elementor-widget-wrap elementor-element-populated\">\n\t\t\t\t\t\t<div class=\"elementor-element elementor-element-b6e06df elementor-widget elementor-widget-heading\" data-id=\"b6e06df\" data-element_type=\"widget\" data-widget_type=\"heading.default\">\n\t\t\t\t<div class=\"elementor-widget-container\">\n\t\t\t\t\t<h2 class=\"elementor-heading-title elementor-size-default\">I NOSTRI CONTATTI LI TROVA QUI<\/h2>\t\t\t\t<\/div>\n\t\t\t\t<\/div>\n\t\t\t\t<div class=\"elementor-element elementor-element-f02ee9f elementor-widget elementor-widget-thsn_icon_heading\" data-id=\"f02ee9f\" data-element_type=\"widget\" data-widget_type=\"thsn_icon_heading.default\">\n\t\t\t\t<div class=\"elementor-widget-container\">\n\t\t\t\t\t<div class=\"thsn-ihbox thsn-ihbox-style-4\"><div class=\"d-flex align-items-center\">\r\n\t<div class=\"thsn-ihbox-icon\"><div class=\"thsn-ihbox-icon-wrapper\"><i class=\"thsn-itinc-icon thsn-itinc-icon-pin\"><\/i><\/div><\/div>\t<div class=\"thsn-ihbox-contents\">\r\n\t\t<h2 class=\"thsn-element-title\">\r\n\t\t\t\t\t\r\n\t\t\t\t\t\tUNSER STANDORT\r\n\t\t\t\t\t\r\n\t\t\t\t\t<\/h2>\r\n\t\t\t\t\t\t\t\t<div class=\"thsn-heading-desc\">Egenta s.r.o. (WeWork) N\u00e1rodn\u00ed 135\/14 Praga , 11 000<br>\n<\/div>\t\t\t<\/div><!-- .thsn-ihbox-contents -->\r\n<\/div><\/div>\t\t\t\t<\/div>\n\t\t\t\t<\/div>\n\t\t\t\t<div class=\"elementor-element elementor-element-f806337 elementor-widget elementor-widget-thsn_icon_heading\" data-id=\"f806337\" data-element_type=\"widget\" data-widget_type=\"thsn_icon_heading.default\">\n\t\t\t\t<div class=\"elementor-widget-container\">\n\t\t\t\t\t<div class=\"thsn-ihbox thsn-ihbox-style-4\"><div class=\"d-flex align-items-center\">\r\n\t<div class=\"thsn-ihbox-icon\"><div class=\"thsn-ihbox-icon-wrapper\"><i class=\"thsn-itinc-icon thsn-itinc-icon-phone-call\"><\/i><\/div><\/div>\t<div class=\"thsn-ihbox-contents\">\r\n\t\t<h2 class=\"thsn-element-title\">\r\n\t\t\t\t\t\r\n\t\t\t\t\t\tTELEFONNUMMER\r\n\t\t\t\t\t\r\n\t\t\t\t\t<\/h2>\r\n\t\t\t\t\t\t\t\t<div class=\"thsn-heading-desc\">+420 725 161 197<\/div>\t\t\t<\/div><!-- .thsn-ihbox-contents -->\r\n<\/div><\/div>\t\t\t\t<\/div>\n\t\t\t\t<\/div>\n\t\t\t\t<div class=\"elementor-element elementor-element-00aeda1 elementor-widget elementor-widget-thsn_icon_heading\" data-id=\"00aeda1\" data-element_type=\"widget\" data-widget_type=\"thsn_icon_heading.default\">\n\t\t\t\t<div class=\"elementor-widget-container\">\n\t\t\t\t\t<div class=\"thsn-ihbox thsn-ihbox-style-4\"><div class=\"d-flex align-items-center\">\r\n\t<div class=\"thsn-ihbox-icon\"><div class=\"thsn-ihbox-icon-wrapper\"><i class=\"thsn-itinc-icon thsn-itinc-icon-email\"><\/i><\/div><\/div>\t<div class=\"thsn-ihbox-contents\">\r\n\t\t<h2 class=\"thsn-element-title\">\r\n\t\t\t\t\t\r\n\t\t\t\t\t\tEMAIL ADRESSE\r\n\t\t\t\t\t\r\n\t\t\t\t\t<\/h2>\r\n\t\t\t\t\t\t\t\t<div class=\"thsn-heading-desc\">start@easymarketplace.eu<\/div>\t\t\t<\/div><!-- .thsn-ihbox-contents -->\r\n<\/div><\/div>\t\t\t\t<\/div>\n\t\t\t\t<\/div>\n\t\t\t\t\t<\/div>\n\t\t<\/div>\n\t\t\t\t<div class=\"elementor-column elementor-col-50 elementor-top-column elementor-element elementor-element-07ef4f2 thsn-bg-color-yes thsn-elementor-bg-color-light thsn-bg-image-over-color\" data-id=\"07ef4f2\" data-element_type=\"column\" data-settings=\"{&quot;background_background&quot;:&quot;classic&quot;}\">\n\t\t\t<div class=\"elementor-widget-wrap elementor-element-populated\">\n\t\t\t\t\t\t<div class=\"elementor-element elementor-element-77b3e5c thsn-align-left elementor-widget elementor-widget-thsn_heading\" data-id=\"77b3e5c\" data-element_type=\"widget\" data-widget_type=\"thsn_heading.default\">\n\t\t\t\t<div class=\"elementor-widget-container\">\n\t\t\t\t\t\t<div class=\"thsn-heading-subheading left-align thsn-reverse-heading-yes\"><h4 class=\"thsn-element-subtitle\">\r\n\t\t\t\r\n\t\t\t\tKONTAKT \r\n\t\t\t\r\n\t\t\t<\/h4>\r\n\t\t<h2 class=\"thsn-element-title\">\r\n\t\t\t\r\n\t\t\t\tSI METTA IN CONTATTO CON UNS AUF\r\n\t\t\t\r\n\t\t\t<\/h2>\r\n\t\t<\/div>\t\t\t\t<\/div>\n\t\t\t\t<\/div>\n\t\t\t\t<div class=\"elementor-element elementor-element-d9b6255 elementor-widget elementor-widget-shortcode\" data-id=\"d9b6255\" data-element_type=\"widget\" data-widget_type=\"shortcode.default\">\n\t\t\t\t<div class=\"elementor-widget-container\">\n\t\t\t\t\t\t\t<div class=\"elementor-shortcode\">\n<div class=\"wpcf7 no-js\" id=\"wpcf7-f1679-o1\" lang=\"en-US\" dir=\"ltr\" data-wpcf7-id=\"1679\">\n<div class=\"screen-reader-response\"><p role=\"status\" aria-live=\"polite\" aria-atomic=\"true\"><\/p> <ul><\/ul><\/div>\n<form action=\"\/it\/wp-json\/wp\/v2\/pages\/1545#wpcf7-f1679-o1\" method=\"post\" class=\"wpcf7-form init\" aria-label=\"Modulo di contatto\" novalidate=\"novalidate\" data-status=\"init\" data-trp-original-action=\"\/it\/wp-json\/wp\/v2\/pages\/1545#wpcf7-f1679-o1\">\n<fieldset class=\"hidden-fields-container\"><input type=\"hidden\" name=\"_wpcf7\" value=\"1679\" \/><input type=\"hidden\" name=\"_wpcf7_version\" value=\"6.1.1\" \/><input type=\"hidden\" name=\"_wpcf7_locale\" value=\"en_US\" \/><input type=\"hidden\" name=\"_wpcf7_unit_tag\" value=\"wpcf7-f1679-o1\" \/><input type=\"hidden\" name=\"_wpcf7_container_post\" value=\"0\" \/><input type=\"hidden\" name=\"_wpcf7_posted_data_hash\" value=\"\" \/>\n<\/fieldset>\n<div class=\"main-form thsn-form-style-1\">\n\t<div class=\"row\">\n\t\t<div class=\"col-md-6\">\n\t\t\t<div class=\"input-group\">\n\t\t\t\t<p><span class=\"wpcf7-form-control-wrap\" data-name=\"your-name\"><input size=\"40\" maxlength=\"400\" class=\"wpcf7-form-control wpcf7-text\" aria-invalid=\"false\" placeholder=\"Nome\" value=\"\" type=\"text\" name=\"your-name\" \/><\/span>\n\t\t\t\t<\/p>\n\t\t\t<\/div>\n\t\t<\/div>\n\t\t<div class=\"col-md-6\">\n\t\t\t<div class=\"input-group\">\n\t\t\t\t<p><span class=\"wpcf7-form-control-wrap\" data-name=\"your-email\"><input size=\"40\" maxlength=\"400\" class=\"wpcf7-form-control wpcf7-text\" aria-invalid=\"false\" placeholder=\"E-mail\" value=\"\" type=\"text\" name=\"your-email\" \/><\/span>\n\t\t\t\t<\/p>\n\t\t\t<\/div>\n\t\t<\/div>\n\t\t<div class=\"col-md-6\">\n\t\t\t<div class=\"input-group\">\n\t\t\t\t<p><span class=\"wpcf7-form-control-wrap\" data-name=\"phone\"><input size=\"40\" maxlength=\"400\" class=\"wpcf7-form-control wpcf7-text\" aria-invalid=\"false\" placeholder=\"Telefon\" value=\"\" type=\"text\" name=\"phone\" \/><\/span>\n\t\t\t\t<\/p>\n\t\t\t<\/div>\n\t\t<\/div>\n\t\t<div class=\"col-md-6\">\n\t\t\t<div class=\"input-group\">\n\t\t\t\t<p><span class=\"wpcf7-form-control-wrap\" data-name=\"text-99\"><input size=\"40\" maxlength=\"400\" class=\"wpcf7-form-control wpcf7-text\" aria-invalid=\"false\" placeholder=\"Betreff\" value=\"\" type=\"text\" name=\"text-99\" \/><\/span>\n\t\t\t\t<\/p>\n\t\t\t<\/div>\n\t\t<\/div>\n\t\t<div class=\"col-md-12\">\n\t\t\t<div class=\"input-group input-button\">\n\t\t\t\t<p><span class=\"wpcf7-form-control-wrap\" data-name=\"message\"><textarea cols=\"40\" rows=\"4\" maxlength=\"2000\" class=\"wpcf7-form-control wpcf7-textarea\" aria-invalid=\"false\" placeholder=\"Nachricht\" name=\"message\"><\/textarea><\/span>\n\t\t\t\t<\/p>\n\t\t\t<\/div>\n\t\t<\/div>\n\t\t<div class=\"col-md-6\">\n\t\t\t<div class=\"input-group input-button\">\n\t\t\t\t<p><input class=\"wpcf7-form-control wpcf7-submit has-spinner btn-block\" type=\"submit\" value=\"NACHRICHTEN SENDEN\" \/>\n\t\t\t\t<\/p>\n\t\t\t<\/div>\n\t\t<\/div>\n\t<\/div>\n<\/div><div class=\"wpcf7-response-output\" aria-hidden=\"true\"><\/div>\n<input type=\"hidden\" name=\"trp-form-language\" value=\"it\"\/><\/form>\n<\/div>\n<\/div>\n\t\t\t\t\t\t<\/div>\n\t\t\t\t<\/div>\n\t\t\t\t\t<\/div>\n\t\t<\/div>\n\t\t\t\t\t<\/div>\n\t\t<\/section>\n\t\t\t\t<section class=\"elementor-section elementor-top-section elementor-element elementor-element-48550d7 thsn-col-stretched-right thsn-bg-color-over-image elementor-section-boxed elementor-section-height-default elementor-section-height-default\" data-id=\"48550d7\" data-element_type=\"section\">\n\t\t\t\t\t\t<div class=\"elementor-container elementor-column-gap-default\">\n\t\t\t\t\t<div class=\"elementor-column elementor-col-100 elementor-top-column elementor-element elementor-element-88db014 thsn-bg-color-over-image\" data-id=\"88db014\" data-element_type=\"column\">\n\t\t\t<div class=\"elementor-widget-wrap elementor-element-populated\">\n\t\t\t\t\t\t<div class=\"elementor-element elementor-element-6a7f5f5 elementor-widget elementor-widget-text-editor\" data-id=\"6a7f5f5\" data-element_type=\"widget\" data-widget_type=\"text-editor.default\">\n\t\t\t\t<div class=\"elementor-widget-container\">\n\t\t\t\t\t\t\t\t\t<h2 style=\"margin-bottom: 0cm;\"><span lang=\"EN-US\" style=\"font-size: 8.0pt; line-height: 107%; color: black; mso-themecolor: text1;\"><b>Con l'attivazione dei pulsanti \"Invia la notizia\", potr\u00e0 verificare i suoi dati personali per la sua prossima comunicazione.<\/b><\/span><\/h2>\t\t\t\t\t\t\t\t<\/div>\n\t\t\t\t<\/div>\n\t\t\t\t\t<\/div>\n\t\t<\/div>\n\t\t\t\t\t<\/div>\n\t\t<\/section>\n\t\t\t\t<\/div>","protected":false},"excerpt":{"rendered":"<p>UNSERE KONTAKTE FINDEN SIE HIER UNSER STANDORT Egenta s.r.o. (WeWork) N\u00e1rodn\u00ed 135\/14 Prague , 11 000 TELEFONNUMMER +420 725 161 197 EMAIL ADRESSE start@easymarketplace.eu KONTAKT NEHMEN SIE KONTAKT MIT UNS AUF Mit der Bet\u00e4tigung des Buttons \u201eNachricht senden\u201c erkl\u00e4ren Sie sich mit der Verarbeitung Ihrer personenbezogenen Daten f\u00fcr die zuk\u00fcnftige Kontaktaufnahme einverstanden.<\/p>","protected":false},"author":6,"featured_media":0,"parent":0,"menu_order":19,"comment_status":"closed","ping_status":"closed","template":"","meta":{"_acf_changed":false,"footnotes":""},"class_list":["post-1545","page","type-page","status-publish","hentry"],"acf":[],"_links":{"self":[{"href":"https:\/\/www.easymarketplace.eu\/it\/wp-json\/wp\/v2\/pages\/1545","targetHints":{"allow":["GET"]}}],"collection":[{"href":"https:\/\/www.easymarketplace.eu\/it\/wp-json\/wp\/v2\/pages"}],"about":[{"href":"https:\/\/www.easymarketplace.eu\/it\/wp-json\/wp\/v2\/types\/page"}],"author":[{"embeddable":true,"href":"https:\/\/www.easymarketplace.eu\/it\/wp-json\/wp\/v2\/users\/6"}],"replies":[{"embeddable":true,"href":"https:\/\/www.easymarketplace.eu\/it\/wp-json\/wp\/v2\/comments?post=1545"}],"version-history":[{"count":10,"href":"https:\/\/www.easymarketplace.eu\/it\/wp-json\/wp\/v2\/pages\/1545\/revisions"}],"predecessor-version":[{"id":1682,"href":"https:\/\/www.easymarketplace.eu\/it\/wp-json\/wp\/v2\/pages\/1545\/revisions\/1682"}],"wp:attachment":[{"href":"https:\/\/www.easymarketplace.eu\/it\/wp-json\/wp\/v2\/media?parent=1545"}],"curies":[{"name":"wp","href":"https:\/\/api.w.org\/{rel}","templated":true}]}}